{"id":54641,"date":"2018-01-22T05:32:07","date_gmt":"2018-01-22T08:32:07","guid":{"rendered":"https:\/\/www.jumabu.com\/es\/?page_id=54641"},"modified":"2018-01-22T05:37:32","modified_gmt":"2018-01-22T08:37:32","slug":"vectores-gratis-imagenes-y-recursos-de-photoshop","status":"publish","type":"page","link":"https:\/\/www.jumabu.com\/es\/vectores-gratis-imagenes-y-recursos-de-photoshop\/","title":{"rendered":"Vectores Gratis, Im\u00e1genes y Recursos de Photoshop"},"content":{"rendered":"<h2>Bienvenidos a jumabu.com aqu\u00ed podr\u00e1s encontrar cientos de art\u00edculos para descargar gratis como vectores, im\u00e1genes, archivos de photoshop y mucho m\u00e1s!<\/h2>\n<p>Puedes navegar nuestras secciones en busca de tus recursos favoritos. \u00bfQu\u00e9 est\u00e1s esperando? <\/p>\n<h3>Comencemos:<\/h3>\n<p><ins class=\"adsbygoogle\"\n     style=\"display:block; text-align:center;\"\n     data-ad-format=\"fluid\"\n     data-ad-layout=\"in-article\"\n     data-ad-client=\"ca-pub-2830165240554969\"\n     data-ad-slot=\"9481447398\"><\/ins><br \/>\n<script>\n     (adsbygoogle = window.adsbygoogle || []).push({});\n<\/script><\/p>\n","protected":false},"excerpt":{"rendered":"<p>Bienvenidos a jumabu.com aqu\u00ed podr\u00e1s encontrar cientos de art\u00edculos para descargar gratis como vectores, im\u00e1genes, archivos de photoshop y mucho m\u00e1s! Puedes navegar nuestras&#8230;<\/p>\n","protected":false},"author":1,"featured_media":0,"parent":0,"menu_order":0,"comment_status":"closed","ping_status":"closed","template":"","meta":{"_acf_changed":false,"jetpack_post_was_ever_published":false,"footnotes":""},"class_list":["post-54641","page","type-page","status-publish","hentry","article","has-excerpt","has-avatar","has-author","has-date","has-comment-count","has-category-meta","has-read-more","thumbnail-"],"acf":[],"aioseo_notices":[],"jetpack_shortlink":"https:\/\/wp.me\/P211Nr-edj","jetpack_sharing_enabled":true,"amp_enabled":true,"_links":{"self":[{"href":"https:\/\/www.jumabu.com\/es\/wp-json\/wp\/v2\/pages\/54641","targetHints":{"allow":["GET"]}}],"collection":[{"href":"https:\/\/www.jumabu.com\/es\/wp-json\/wp\/v2\/pages"}],"about":[{"href":"https:\/\/www.jumabu.com\/es\/wp-json\/wp\/v2\/types\/page"}],"author":[{"embeddable":true,"href":"https:\/\/www.jumabu.com\/es\/wp-json\/wp\/v2\/users\/1"}],"replies":[{"embeddable":true,"href":"https:\/\/www.jumabu.com\/es\/wp-json\/wp\/v2\/comments?post=54641"}],"version-history":[{"count":0,"href":"https:\/\/www.jumabu.com\/es\/wp-json\/wp\/v2\/pages\/54641\/revisions"}],"wp:attachment":[{"href":"https:\/\/www.jumabu.com\/es\/wp-json\/wp\/v2\/media?parent=54641"}],"curies":[{"name":"wp","href":"https:\/\/api.w.org\/{rel}","templated":true}]}}