{"id":54479,"date":"2017-08-07T12:17:15","date_gmt":"2017-08-07T15:17:15","guid":{"rendered":"https:\/\/www.jumabu.com\/es\/?page_id=54479"},"modified":"2017-08-07T13:17:41","modified_gmt":"2017-08-07T16:17:41","slug":"descargas-sin-esperas","status":"publish","type":"page","link":"https:\/\/www.jumabu.com\/es\/descargas-sin-esperas\/","title":{"rendered":"Descargas sin esperas."},"content":{"rendered":"<h2>Te gustar\u00eda acceder a nuestros recursos sin compartir o andar esperando tiempo extra?<\/h2>\n<p>Abonando tan solo un dolar acceder\u00e1s a navegar en nuestro sitio durante 30 d\u00edas, sin demoras, sin publicidades y sin tener que estar compartiendo contenido en redes sociales.<\/p>\n<h3>C\u00f3mo funciona?<\/h3>\n<p>Te suscribes aqu\u00ed debajo, te enviamos un correo con un bot\u00f3n de pago por tan solo un dolar y luego de abonarlo con tu tarjeta de cr\u00e9dito o credito paypal, recibir\u00e1s un usuario y contrase\u00f1a privado para que tus descargas sean directas, sin esperas, sin publicidades y sin tener que compartir nada durante 30 d\u00edas!<\/p>\n<p>Accede ahora al beneficio de descarga directa sin esperas!<br \/>\n[gravityform id=5 name=Descargassin esperas]<\/p>\n","protected":false},"excerpt":{"rendered":"<p>Te gustar\u00eda acceder a nuestros recursos sin compartir o andar esperando tiempo extra? Abonando tan solo un dolar acceder\u00e1s a navegar en nuestro sitio&#8230;<\/p>\n","protected":false},"author":1,"featured_media":0,"parent":0,"menu_order":0,"comment_status":"closed","ping_status":"closed","template":"","meta":{"_acf_changed":false,"jetpack_post_was_ever_published":false,"footnotes":""},"class_list":["post-54479","page","type-page","status-publish","hentry","article","has-excerpt","has-avatar","has-author","has-date","has-comment-count","has-category-meta","has-read-more","thumbnail-"],"acf":[],"aioseo_notices":[],"jetpack_shortlink":"https:\/\/wp.me\/P211Nr-eaH","jetpack_sharing_enabled":true,"amp_enabled":true,"_links":{"self":[{"href":"https:\/\/www.jumabu.com\/es\/wp-json\/wp\/v2\/pages\/54479","targetHints":{"allow":["GET"]}}],"collection":[{"href":"https:\/\/www.jumabu.com\/es\/wp-json\/wp\/v2\/pages"}],"about":[{"href":"https:\/\/www.jumabu.com\/es\/wp-json\/wp\/v2\/types\/page"}],"author":[{"embeddable":true,"href":"https:\/\/www.jumabu.com\/es\/wp-json\/wp\/v2\/users\/1"}],"replies":[{"embeddable":true,"href":"https:\/\/www.jumabu.com\/es\/wp-json\/wp\/v2\/comments?post=54479"}],"version-history":[{"count":0,"href":"https:\/\/www.jumabu.com\/es\/wp-json\/wp\/v2\/pages\/54479\/revisions"}],"wp:attachment":[{"href":"https:\/\/www.jumabu.com\/es\/wp-json\/wp\/v2\/media?parent=54479"}],"curies":[{"name":"wp","href":"https:\/\/api.w.org\/{rel}","templated":true}]}}