{"id":52024,"date":"2015-10-17T10:20:21","date_gmt":"2015-10-17T13:20:21","guid":{"rendered":"https:\/\/www.jumabu.com\/design-tools\/?page_id=52024"},"modified":"2015-10-17T10:22:45","modified_gmt":"2015-10-17T13:22:45","slug":"jumabu-playlist-en-spotify","status":"publish","type":"page","link":"https:\/\/www.jumabu.com\/es\/jumabu-playlist-en-spotify\/","title":{"rendered":"Jumabu Playlist en Spotify"},"content":{"rendered":"<p><a href=\"https:\/\/i0.wp.com\/www.jumabu.com\/design-tools\/wp-content\/images\/spotify-jumabu-playlist.jpg?ssl=1\"><img data-recalc-dims=\"1\" loading=\"lazy\" decoding=\"async\" data-attachment-id=\"52025\" data-permalink=\"https:\/\/www.jumabu.com\/es\/jumabu-playlist-en-spotify\/spotify-jumabu-playlist\/\" data-orig-file=\"https:\/\/i0.wp.com\/www.jumabu.com\/es\/wp-content\/images\/spotify-jumabu-playlist.jpg?fit=800%2C600&amp;ssl=1\" data-orig-size=\"800,600\" data-comments-opened=\"1\" data-image-meta=\"{&quot;aperture&quot;:&quot;0&quot;,&quot;credit&quot;:&quot;&quot;,&quot;camera&quot;:&quot;&quot;,&quot;caption&quot;:&quot;&quot;,&quot;created_timestamp&quot;:&quot;0&quot;,&quot;copyright&quot;:&quot;&quot;,&quot;focal_length&quot;:&quot;0&quot;,&quot;iso&quot;:&quot;0&quot;,&quot;shutter_speed&quot;:&quot;0&quot;,&quot;title&quot;:&quot;&quot;,&quot;orientation&quot;:&quot;0&quot;}\" data-image-title=\"spotify-jumabu-playlist\" data-image-description=\"\" data-image-caption=\"\" data-large-file=\"https:\/\/i0.wp.com\/www.jumabu.com\/es\/wp-content\/images\/spotify-jumabu-playlist.jpg?fit=800%2C600&amp;ssl=1\" class=\"alignnone size-full wp-image-52025\" src=\"https:\/\/i0.wp.com\/www.jumabu.com\/design-tools\/wp-content\/images\/spotify-jumabu-playlist.jpg?resize=800%2C600&#038;ssl=1\" alt=\"spotify-jumabu-playlist\" width=\"800\" height=\"600\" srcset=\"https:\/\/i0.wp.com\/www.jumabu.com\/es\/wp-content\/images\/spotify-jumabu-playlist.jpg?w=800&amp;ssl=1 800w, https:\/\/i0.wp.com\/www.jumabu.com\/es\/wp-content\/images\/spotify-jumabu-playlist.jpg?resize=300%2C225&amp;ssl=1 300w\" sizes=\"auto, (max-width: 800px) 100vw, 800px\" \/><\/a><\/p>\n<p>Sabemos que dise\u00f1ar sin m\u00fasica es casi un pecado! Por eso nos propusimos trabajar en funci\u00f3n de acercarte no solo novedades del mundo del dise\u00f1o, archivos vectoriales gratuitos, mockups en photoshop, tutoriales, etc. Ahora queremos hacer que tu experiencia con nuestros recursos sea mucho mejor!<\/p>\n<p>En esta oportunidad hemos creado un <strong><a href=\"https:\/\/open.spotify.com\/user\/11155365274\/playlist\/4LAxPuN1gDop1xsKshgiVh\" target=\"_blank\">Playlist en Spotify<\/a><\/strong> y pr\u00f3ximamente en Apple Music para que puedas dise\u00f1ar cada d\u00eda escuchando nuestra selecci\u00f3n musical.<\/p>\n<p><strong>Aqu\u00ed te dejamos el <a href=\"https:\/\/open.spotify.com\/user\/11155365274\/playlist\/4LAxPuN1gDop1xsKshgiVh\">Enlace a Nuestro Playlist<\/a> que se ir\u00e1 renovando constantemente, semana tras semana!<\/strong><\/p>\n<p>Queremos seguir mejorando y por eso sumamos constantemente peque\u00f1os detalles que te ayuden a trabajar d\u00eda a d\u00eda en este maravilloso mundo del dise\u00f1o!<\/p>\n<p>Te esperamos en Spotify.<br \/>\nNos sigues? \u00a0<a href=\"https:\/\/open.spotify.com\/user\/11155365274\/playlist\/4LAxPuN1gDop1xsKshgiVh\" target=\"_blank\">S\u00edguenos!<\/a><\/p>\n","protected":false},"excerpt":{"rendered":"<p>Sabemos que dise\u00f1ar sin m\u00fasica es casi un pecado! Por eso nos propusimos trabajar en funci\u00f3n de acercarte no solo novedades del mundo del&#8230;<\/p>\n","protected":false},"author":1,"featured_media":52025,"parent":0,"menu_order":0,"comment_status":"closed","ping_status":"closed","template":"","meta":{"_acf_changed":false,"jetpack_post_was_ever_published":false,"footnotes":""},"class_list":["post-52024","page","type-page","status-publish","has-post-thumbnail","hentry","article","has-excerpt","has-avatar","has-author","has-date","has-comment-count","has-category-meta","has-read-more","thumbnail-"],"acf":[],"aioseo_notices":[],"jetpack_shortlink":"https:\/\/wp.me\/P211Nr-dx6","jetpack_sharing_enabled":true,"amp_enabled":true,"_links":{"self":[{"href":"https:\/\/www.jumabu.com\/es\/wp-json\/wp\/v2\/pages\/52024","targetHints":{"allow":["GET"]}}],"collection":[{"href":"https:\/\/www.jumabu.com\/es\/wp-json\/wp\/v2\/pages"}],"about":[{"href":"https:\/\/www.jumabu.com\/es\/wp-json\/wp\/v2\/types\/page"}],"author":[{"embeddable":true,"href":"https:\/\/www.jumabu.com\/es\/wp-json\/wp\/v2\/users\/1"}],"replies":[{"embeddable":true,"href":"https:\/\/www.jumabu.com\/es\/wp-json\/wp\/v2\/comments?post=52024"}],"version-history":[{"count":0,"href":"https:\/\/www.jumabu.com\/es\/wp-json\/wp\/v2\/pages\/52024\/revisions"}],"wp:featuredmedia":[{"embeddable":true,"href":"https:\/\/www.jumabu.com\/es\/wp-json\/wp\/v2\/media\/52025"}],"wp:attachment":[{"href":"https:\/\/www.jumabu.com\/es\/wp-json\/wp\/v2\/media?parent=52024"}],"curies":[{"name":"wp","href":"https:\/\/api.w.org\/{rel}","templated":true}]}}