{"id":51976,"date":"2015-10-12T14:48:17","date_gmt":"2015-10-12T17:48:17","guid":{"rendered":"https:\/\/www.jumabu.com\/design-tools\/?page_id=51976"},"modified":"2017-07-24T14:01:27","modified_gmt":"2017-07-24T17:01:27","slug":"como-descargar-en-jumabu-com","status":"publish","type":"page","link":"https:\/\/www.jumabu.com\/es\/como-descargar-en-jumabu-com\/","title":{"rendered":"C\u00f3mo descargar en Jumabu.com?"},"content":{"rendered":"<p>En jumabu.com encontrar\u00e1s <strong>archivos en vectores<\/strong>, en <strong>PSD<\/strong>, material educativo como <strong>tutoriales y novedades<\/strong>, <strong>im\u00e1genes de stock gratuitas<\/strong> y adem\u00e1s trucos y recursos para el <strong>dise\u00f1o y programaci\u00f3n web<\/strong>.<\/p>\n<p>Los archivos que son descargables se presentan con un bot\u00f3n naranja a la derecha del post que lleva el t\u00edtulo de DESCARGAR ESTE RECURSO. Pero para que este bot\u00f3n aparezca debes desbloquearlo compartiendo el recurso! <\/p>\n<p><strong>Mira este video:<\/strong><br \/>\n<iframe loading=\"lazy\" width=\"560\" height=\"315\" src=\"https:\/\/www.youtube.com\/embed\/Xxp4HQw0Oxc\" frameborder=\"0\" allowfullscreen><\/iframe><\/p>\n<p>Hay mucho material que no es descargable y solo lo comparto\u00a0con el fin de informar e inspirar a quienes los consulten.<\/p>\n<p>En jumabu.com podr\u00e1s encontrar:<\/p>\n<p><a href=\"https:\/\/www.jumabu.com\/design-tools\/category\/vectores\">Descargar Vectores Gratuitos<\/a><br \/>\n<a href=\"https:\/\/www.jumabu.com\/design-tools\/category\/photoshop\">Archivos en PSD para Descargar<\/a><br \/>\n<a href=\"https:\/\/www.jumabu.com\/design-tools\/category\/banco-de-imagenes-gratuitas\">Im\u00e1genes de Stock Gratuitas<\/a><br \/>\n<a href=\"https:\/\/www.jumabu.com\/design-tools\/category\/tutoriales\">Tutoriales de Photoshop<\/a><br \/>\n<a href=\"https:\/\/www.jumabu.com\/design-tools\/category\/novedades\">Novedades del Mundo del Dise\u00f1o Gr\u00e1fico<\/a><br \/>\n<a href=\"https:\/\/www.jumabu.com\/design-tools\/category\/web\">Material para Dise\u00f1o Web<\/a><br \/>\n<a href=\"https:\/\/www.jumabu.com\/design-tools\/marketing-on-line\/\">Consejos sobre Marketing OnLine<\/a><\/p>\n","protected":false},"excerpt":{"rendered":"<p>En jumabu.com encontrar\u00e1s archivos en vectores, en PSD, material educativo como tutoriales y novedades, im\u00e1genes de stock gratuitas y adem\u00e1s trucos y recursos para&#8230;<\/p>\n","protected":false},"author":1,"featured_media":0,"parent":0,"menu_order":0,"comment_status":"closed","ping_status":"closed","template":"","meta":{"_acf_changed":false,"footnotes":""},"class_list":["post-51976","page","type-page","status-publish","hentry","article","has-excerpt","has-avatar","has-author","has-date","has-comment-count","has-category-meta","has-read-more","thumbnail-"],"acf":[],"aioseo_notices":[],"jetpack_shortlink":"https:\/\/wp.me\/P211Nr-dwk","jetpack_sharing_enabled":true,"amp_enabled":true,"_links":{"self":[{"href":"https:\/\/www.jumabu.com\/es\/wp-json\/wp\/v2\/pages\/51976","targetHints":{"allow":["GET"]}}],"collection":[{"href":"https:\/\/www.jumabu.com\/es\/wp-json\/wp\/v2\/pages"}],"about":[{"href":"https:\/\/www.jumabu.com\/es\/wp-json\/wp\/v2\/types\/page"}],"author":[{"embeddable":true,"href":"https:\/\/www.jumabu.com\/es\/wp-json\/wp\/v2\/users\/1"}],"replies":[{"embeddable":true,"href":"https:\/\/www.jumabu.com\/es\/wp-json\/wp\/v2\/comments?post=51976"}],"version-history":[{"count":0,"href":"https:\/\/www.jumabu.com\/es\/wp-json\/wp\/v2\/pages\/51976\/revisions"}],"wp:attachment":[{"href":"https:\/\/www.jumabu.com\/es\/wp-json\/wp\/v2\/media?parent=51976"}],"curies":[{"name":"wp","href":"https:\/\/api.w.org\/{rel}","templated":true}]}}