{"id":22709,"date":"2014-01-09T00:12:01","date_gmt":"2014-01-09T03:12:01","guid":{"rendered":"http:\/\/www.jumabu.com\/design-tools\/?page_id=22709"},"modified":"2015-08-25T10:11:35","modified_gmt":"2015-08-25T13:11:35","slug":"que-son-los-vectores","status":"publish","type":"page","link":"https:\/\/www.jumabu.com\/es\/que-son-los-vectores\/","title":{"rendered":"Qu\u00e9 son los Vectores?"},"content":{"rendered":"<p>Los vectores o gr\u00e1ficos vectoriales son im\u00e1genes formadas por puntos denominados vectores. Estos recursos vectoriales que puedes descargar desde nuestra web se pueden abrir si tienes programas instalados que te permitan manipular este tipo de archivos.<br \/>\nEntre los programas m\u00e1s conocidos est\u00e1n Adobe Illustrator o Corel Draw entre otros.<\/p>\n<p><strong>Curiosidad: Adobe Illustrator guarda entre varios formatos, archivos con extensi\u00f3n .ai (adobe illustrator)<\/strong><br \/>\n<strong> El color que identifica al programa en cuesti\u00f3n es el color naranja, por eso es com\u00fan ver ese color a la hora de hablar de vectores.<\/strong><\/p>\n<p><img data-recalc-dims=\"1\" loading=\"lazy\" decoding=\"async\" width=\"500\" height=\"494\" data-attachment-id=\"22718\" data-permalink=\"https:\/\/www.jumabu.com\/es\/que-son-los-vectores\/adobe_illustrator_cs5_icon\/\" data-orig-file=\"https:\/\/i0.wp.com\/www.jumabu.com\/es\/wp-content\/images\/Adobe_Illustrator_CS5_icon.png?fit=1063%2C1052&amp;ssl=1\" data-orig-size=\"1063,1052\" data-comments-opened=\"1\" data-image-meta=\"{&quot;aperture&quot;:&quot;0&quot;,&quot;credit&quot;:&quot;&quot;,&quot;camera&quot;:&quot;&quot;,&quot;caption&quot;:&quot;&quot;,&quot;created_timestamp&quot;:&quot;0&quot;,&quot;copyright&quot;:&quot;&quot;,&quot;focal_length&quot;:&quot;0&quot;,&quot;iso&quot;:&quot;0&quot;,&quot;shutter_speed&quot;:&quot;0&quot;,&quot;title&quot;:&quot;&quot;}\" data-image-title=\"Adobe_Illustrator_CS5_icon\" data-image-description=\"\" data-image-caption=\"\" data-large-file=\"https:\/\/i0.wp.com\/www.jumabu.com\/es\/wp-content\/images\/Adobe_Illustrator_CS5_icon.png?fit=1024%2C1013&amp;ssl=1\" class=\"alignnone size-medium wp-image-22718\" src=\"https:\/\/i0.wp.com\/www.jumabu.com\/design-tools\/wp-content\/images\/Adobe_Illustrator_CS5_icon-500x494.png?resize=500%2C494\" alt=\"Adobe_Illustrator_CS5_icon\" srcset=\"https:\/\/i0.wp.com\/www.jumabu.com\/es\/wp-content\/images\/Adobe_Illustrator_CS5_icon.png?resize=500%2C494&amp;ssl=1 500w, https:\/\/i0.wp.com\/www.jumabu.com\/es\/wp-content\/images\/Adobe_Illustrator_CS5_icon.png?resize=1024%2C1013&amp;ssl=1 1024w, https:\/\/i0.wp.com\/www.jumabu.com\/es\/wp-content\/images\/Adobe_Illustrator_CS5_icon.png?resize=1020%2C1009&amp;ssl=1 1020w, https:\/\/i0.wp.com\/www.jumabu.com\/es\/wp-content\/images\/Adobe_Illustrator_CS5_icon.png?w=1063&amp;ssl=1 1063w\" sizes=\"auto, (max-width: 500px) 100vw, 500px\" \/><\/p>\n<p><strong>Cuales son los beneficios de trabajar con vectores?<\/strong><\/p>\n<p>Jam\u00e1s pierde calidad al redimensionarlo!<br \/>\nQueremos decir que a un vector lo podemos ampliar hasta el infinito y nunca va a perder calidad a la hora de por ejemplo: imprimirlo.<\/p>\n<p><strong>Aqu\u00ed un ejemplo con el logo de Jumabu:<\/strong><br \/>\n<img data-recalc-dims=\"1\" loading=\"lazy\" decoding=\"async\" width=\"500\" height=\"350\" data-attachment-id=\"22710\" data-permalink=\"https:\/\/www.jumabu.com\/es\/que-son-los-vectores\/jumabu-vectores-01\/\" data-orig-file=\"https:\/\/i0.wp.com\/www.jumabu.com\/es\/wp-content\/images\/jumabu-vectores-01.jpg?fit=500%2C350&amp;ssl=1\" data-orig-size=\"500,350\" data-comments-opened=\"1\" data-image-meta=\"{&quot;aperture&quot;:&quot;0&quot;,&quot;credit&quot;:&quot;&quot;,&quot;camera&quot;:&quot;&quot;,&quot;caption&quot;:&quot;&quot;,&quot;created_timestamp&quot;:&quot;0&quot;,&quot;copyright&quot;:&quot;&quot;,&quot;focal_length&quot;:&quot;0&quot;,&quot;iso&quot;:&quot;0&quot;,&quot;shutter_speed&quot;:&quot;0&quot;,&quot;title&quot;:&quot;&quot;}\" data-image-title=\"jumabu-vectores-01\" data-image-description=\"\" data-image-caption=\"\" data-large-file=\"https:\/\/i0.wp.com\/www.jumabu.com\/es\/wp-content\/images\/jumabu-vectores-01.jpg?fit=500%2C350&amp;ssl=1\" class=\"alignnone size-full wp-image-22710\" src=\"https:\/\/i0.wp.com\/www.jumabu.com\/design-tools\/wp-content\/images\/jumabu-vectores-01.jpg?resize=500%2C350\" alt=\"jumabu-vectores-01\" \/><\/p>\n<p>Como pueden ver las formas est\u00e1n compuestas por puntos o vectores como dijimos antes. Ampliemos la imagen para ver estos vectores con mayor definici\u00f3n:<\/p>\n<p><img data-recalc-dims=\"1\" loading=\"lazy\" decoding=\"async\" width=\"500\" height=\"349\" data-attachment-id=\"22711\" data-permalink=\"https:\/\/www.jumabu.com\/es\/que-son-los-vectores\/jumabu-vectores-02\/\" data-orig-file=\"https:\/\/i0.wp.com\/www.jumabu.com\/es\/wp-content\/images\/jumabu-vectores-02.jpg?fit=741%2C518&amp;ssl=1\" data-orig-size=\"741,518\" data-comments-opened=\"1\" data-image-meta=\"{&quot;aperture&quot;:&quot;0&quot;,&quot;credit&quot;:&quot;&quot;,&quot;camera&quot;:&quot;&quot;,&quot;caption&quot;:&quot;&quot;,&quot;created_timestamp&quot;:&quot;0&quot;,&quot;copyright&quot;:&quot;&quot;,&quot;focal_length&quot;:&quot;0&quot;,&quot;iso&quot;:&quot;0&quot;,&quot;shutter_speed&quot;:&quot;0&quot;,&quot;title&quot;:&quot;&quot;}\" data-image-title=\"jumabu-vectores-02\" data-image-description=\"\" data-image-caption=\"\" data-large-file=\"https:\/\/i0.wp.com\/www.jumabu.com\/es\/wp-content\/images\/jumabu-vectores-02.jpg?fit=741%2C518&amp;ssl=1\" class=\"alignnone size-medium wp-image-22711\" src=\"https:\/\/i0.wp.com\/www.jumabu.com\/design-tools\/wp-content\/images\/jumabu-vectores-02-500x349.jpg?resize=500%2C349\" alt=\"jumabu-vectores-02\" srcset=\"https:\/\/i0.wp.com\/www.jumabu.com\/es\/wp-content\/images\/jumabu-vectores-02.jpg?resize=500%2C349&amp;ssl=1 500w, https:\/\/i0.wp.com\/www.jumabu.com\/es\/wp-content\/images\/jumabu-vectores-02.jpg?w=741&amp;ssl=1 741w\" sizes=\"auto, (max-width: 500px) 100vw, 500px\" \/><\/p>\n<p>Ah\u00ed se ven mejor estos puntos y adem\u00e1s notar\u00e1n que hemos ampliado la imagen y no ha perdido calidad.<\/p>\n<p>Otro de los beneficios de trabajar con vectores es que uno puede trabajar por separado cada parte del archivo y acomodarlo a vuestro gusto. En la imagen a continuaci\u00f3n pueden ver como movemos con facilidad el signo de admiraci\u00f3n:<\/p>\n<p><img data-recalc-dims=\"1\" loading=\"lazy\" decoding=\"async\" width=\"500\" height=\"350\" data-attachment-id=\"22712\" data-permalink=\"https:\/\/www.jumabu.com\/es\/que-son-los-vectores\/jumabu-vectores-03\/\" data-orig-file=\"https:\/\/i0.wp.com\/www.jumabu.com\/es\/wp-content\/images\/jumabu-vectores-03.jpg?fit=500%2C350&amp;ssl=1\" data-orig-size=\"500,350\" data-comments-opened=\"1\" data-image-meta=\"{&quot;aperture&quot;:&quot;0&quot;,&quot;credit&quot;:&quot;&quot;,&quot;camera&quot;:&quot;&quot;,&quot;caption&quot;:&quot;&quot;,&quot;created_timestamp&quot;:&quot;0&quot;,&quot;copyright&quot;:&quot;&quot;,&quot;focal_length&quot;:&quot;0&quot;,&quot;iso&quot;:&quot;0&quot;,&quot;shutter_speed&quot;:&quot;0&quot;,&quot;title&quot;:&quot;&quot;}\" data-image-title=\"jumabu-vectores-03\" data-image-description=\"\" data-image-caption=\"\" data-large-file=\"https:\/\/i0.wp.com\/www.jumabu.com\/es\/wp-content\/images\/jumabu-vectores-03.jpg?fit=500%2C350&amp;ssl=1\" class=\"alignnone size-full wp-image-22712\" src=\"https:\/\/i0.wp.com\/www.jumabu.com\/design-tools\/wp-content\/images\/jumabu-vectores-03.jpg?resize=500%2C350\" alt=\"jumabu-vectores-03\" \/><\/p>\n<p>Hay much\u00edsimos beneficios a la hora de trabajar con vectores, pero como la idea es explicar sencillamente de qu\u00e9 se trata esto de trabajar con este tipo de archivos para aquellas personas que son aficionadas y quieren utilizar nuestros recursos.<\/p>\n<p><strong>Ahora un ejemplo pr\u00e1ctico de c\u00f3mo trabajar con vectores:<\/strong><br \/>\nSuponemos que lo que hicimos fue descargar este recurso desde nuestra web:<\/p>\n<p><img data-recalc-dims=\"1\" loading=\"lazy\" decoding=\"async\" width=\"500\" height=\"471\" data-attachment-id=\"6908\" data-permalink=\"https:\/\/www.jumabu.com\/es\/excelentes-iconos-navidenos-en-3d-vectorizados\/navidad-iconos-excelentes\/\" data-orig-file=\"https:\/\/i0.wp.com\/www.jumabu.com\/es\/wp-content\/images\/navidad-iconos-excelentes.jpg?fit=500%2C471&amp;ssl=1\" data-orig-size=\"500,471\" data-comments-opened=\"1\" data-image-meta=\"{&quot;aperture&quot;:&quot;0&quot;,&quot;credit&quot;:&quot;&quot;,&quot;camera&quot;:&quot;&quot;,&quot;caption&quot;:&quot;&quot;,&quot;created_timestamp&quot;:&quot;0&quot;,&quot;copyright&quot;:&quot;&quot;,&quot;focal_length&quot;:&quot;0&quot;,&quot;iso&quot;:&quot;0&quot;,&quot;shutter_speed&quot;:&quot;0&quot;,&quot;title&quot;:&quot;&quot;}\" data-image-title=\"navidad-iconos-excelentes\" data-image-description=\"\" data-image-caption=\"\" data-large-file=\"https:\/\/i0.wp.com\/www.jumabu.com\/es\/wp-content\/images\/navidad-iconos-excelentes.jpg?fit=500%2C471&amp;ssl=1\" class=\"alignnone size-full wp-image-6908\" src=\"https:\/\/i0.wp.com\/www.jumabu.com\/design-tools\/wp-content\/images\/navidad-iconos-excelentes.jpg?resize=500%2C471\" alt=\"navidad-iconos-excelentes\" \/><\/p>\n<p>Ya que estamos aqu\u00ed les dejo el enlace al archivo:\u00a0<a href=\"http:\/\/wp.me\/p211Nr-1Np\" target=\"_blank\">http:\/\/wp.me\/p211Nr-1Np<\/a><\/p>\n<p>Entonces lo que hacemos es abrir el archivo con un programa de edici\u00f3n de vectores, en este caso voy a usar el programa que a mi criterio es el mejor y por eso lo vengo nombrando constantemente Adobe Illustrator.<\/p>\n<p>Como ver\u00e1n en la imagen a continuaci\u00f3n, una vez abierto el archivo selecciono a santa o pap\u00e1 noel y me muestra los puntos que lo componen, recordamos que estos puntos son los famosos vectores<\/p>\n<p><img data-recalc-dims=\"1\" loading=\"lazy\" decoding=\"async\" width=\"500\" height=\"350\" data-attachment-id=\"22714\" data-permalink=\"https:\/\/www.jumabu.com\/es\/que-son-los-vectores\/jumabu-vectores-04-2\/\" data-orig-file=\"https:\/\/i0.wp.com\/www.jumabu.com\/es\/wp-content\/images\/jumabu-vectores-041.jpg?fit=500%2C350&amp;ssl=1\" data-orig-size=\"500,350\" data-comments-opened=\"1\" data-image-meta=\"{&quot;aperture&quot;:&quot;0&quot;,&quot;credit&quot;:&quot;&quot;,&quot;camera&quot;:&quot;&quot;,&quot;caption&quot;:&quot;&quot;,&quot;created_timestamp&quot;:&quot;0&quot;,&quot;copyright&quot;:&quot;&quot;,&quot;focal_length&quot;:&quot;0&quot;,&quot;iso&quot;:&quot;0&quot;,&quot;shutter_speed&quot;:&quot;0&quot;,&quot;title&quot;:&quot;&quot;}\" data-image-title=\"jumabu-vectores-04\" data-image-description=\"\" data-image-caption=\"\" data-large-file=\"https:\/\/i0.wp.com\/www.jumabu.com\/es\/wp-content\/images\/jumabu-vectores-041.jpg?fit=500%2C350&amp;ssl=1\" class=\"alignnone size-full wp-image-22714\" src=\"https:\/\/i0.wp.com\/www.jumabu.com\/design-tools\/wp-content\/images\/jumabu-vectores-041.jpg?resize=500%2C350\" alt=\"jumabu-vectores-04\" \/><\/p>\n<p>Entonces ahora lo copio (para windows: ctrl + c) (para mac: command = c) y en un photoshop o en el mismo illustrator, lo pego (para windows: ctrl + p) (para mac: command = v)\u00a0pero en este caso sobre una imagen<\/p>\n<p><img data-recalc-dims=\"1\" loading=\"lazy\" decoding=\"async\" width=\"500\" height=\"350\" data-attachment-id=\"22715\" data-permalink=\"https:\/\/www.jumabu.com\/es\/que-son-los-vectores\/jumabu-vectores-05\/\" data-orig-file=\"https:\/\/i0.wp.com\/www.jumabu.com\/es\/wp-content\/images\/jumabu-vectores-05.jpg?fit=500%2C350&amp;ssl=1\" data-orig-size=\"500,350\" data-comments-opened=\"1\" data-image-meta=\"{&quot;aperture&quot;:&quot;0&quot;,&quot;credit&quot;:&quot;&quot;,&quot;camera&quot;:&quot;&quot;,&quot;caption&quot;:&quot;&quot;,&quot;created_timestamp&quot;:&quot;0&quot;,&quot;copyright&quot;:&quot;&quot;,&quot;focal_length&quot;:&quot;0&quot;,&quot;iso&quot;:&quot;0&quot;,&quot;shutter_speed&quot;:&quot;0&quot;,&quot;title&quot;:&quot;&quot;}\" data-image-title=\"jumabu-vectores-05\" data-image-description=\"\" data-image-caption=\"\" data-large-file=\"https:\/\/i0.wp.com\/www.jumabu.com\/es\/wp-content\/images\/jumabu-vectores-05.jpg?fit=500%2C350&amp;ssl=1\" class=\"alignnone size-full wp-image-22715\" src=\"https:\/\/i0.wp.com\/www.jumabu.com\/design-tools\/wp-content\/images\/jumabu-vectores-05.jpg?resize=500%2C350\" alt=\"jumabu-vectores-05\" \/><\/p>\n<p>Ahora lo vamos a ampliar un poco y voil\u00e1 (ual\u00e1), tenemos nuestro trabajo realizado.<\/p>\n<p><img data-recalc-dims=\"1\" loading=\"lazy\" decoding=\"async\" width=\"500\" height=\"349\" data-attachment-id=\"22716\" data-permalink=\"https:\/\/www.jumabu.com\/es\/que-son-los-vectores\/jumabu-vectores-06\/\" data-orig-file=\"https:\/\/i0.wp.com\/www.jumabu.com\/es\/wp-content\/images\/jumabu-vectores-06.jpg?fit=741%2C518&amp;ssl=1\" data-orig-size=\"741,518\" data-comments-opened=\"1\" data-image-meta=\"{&quot;aperture&quot;:&quot;0&quot;,&quot;credit&quot;:&quot;&quot;,&quot;camera&quot;:&quot;&quot;,&quot;caption&quot;:&quot;&quot;,&quot;created_timestamp&quot;:&quot;0&quot;,&quot;copyright&quot;:&quot;&quot;,&quot;focal_length&quot;:&quot;0&quot;,&quot;iso&quot;:&quot;0&quot;,&quot;shutter_speed&quot;:&quot;0&quot;,&quot;title&quot;:&quot;&quot;}\" data-image-title=\"jumabu-vectores-06\" data-image-description=\"\" data-image-caption=\"\" data-large-file=\"https:\/\/i0.wp.com\/www.jumabu.com\/es\/wp-content\/images\/jumabu-vectores-06.jpg?fit=741%2C518&amp;ssl=1\" class=\"alignnone size-medium wp-image-22716\" src=\"https:\/\/i0.wp.com\/www.jumabu.com\/design-tools\/wp-content\/images\/jumabu-vectores-06-500x349.jpg?resize=500%2C349\" alt=\"jumabu-vectores-06\" srcset=\"https:\/\/i0.wp.com\/www.jumabu.com\/es\/wp-content\/images\/jumabu-vectores-06.jpg?resize=500%2C349&amp;ssl=1 500w, https:\/\/i0.wp.com\/www.jumabu.com\/es\/wp-content\/images\/jumabu-vectores-06.jpg?w=741&amp;ssl=1 741w\" sizes=\"auto, (max-width: 500px) 100vw, 500px\" \/><\/p>\n<p>Espero que sea un art\u00edculo de mucho inter\u00e9s y ayude a entender mas o menos que se puede hacer con un recurso vectorial.<br \/>\nVectores, solo vectores!<\/p>\n<p>&nbsp;<\/p>\n","protected":false},"excerpt":{"rendered":"<p>Los vectores o gr\u00e1ficos vectoriales son im\u00e1genes formadas por puntos denominados vectores. Estos recursos vectoriales que puedes descargar desde nuestra web se pueden abrir&#8230;<\/p>\n","protected":false},"author":1,"featured_media":22716,"parent":0,"menu_order":0,"comment_status":"open","ping_status":"open","template":"","meta":{"_acf_changed":false,"jetpack_post_was_ever_published":false,"footnotes":""},"class_list":["post-22709","page","type-page","status-publish","has-post-thumbnail","hentry","article","has-excerpt","has-avatar","has-author","has-date","has-comment-count","has-category-meta","has-read-more","thumbnail-"],"acf":[],"aioseo_notices":[],"jetpack_shortlink":"https:\/\/wp.me\/P211Nr-5Uh","jetpack_sharing_enabled":false,"amp_enabled":true,"_links":{"self":[{"href":"https:\/\/www.jumabu.com\/es\/wp-json\/wp\/v2\/pages\/22709","targetHints":{"allow":["GET"]}}],"collection":[{"href":"https:\/\/www.jumabu.com\/es\/wp-json\/wp\/v2\/pages"}],"about":[{"href":"https:\/\/www.jumabu.com\/es\/wp-json\/wp\/v2\/types\/page"}],"author":[{"embeddable":true,"href":"https:\/\/www.jumabu.com\/es\/wp-json\/wp\/v2\/users\/1"}],"replies":[{"embeddable":true,"href":"https:\/\/www.jumabu.com\/es\/wp-json\/wp\/v2\/comments?post=22709"}],"version-history":[{"count":0,"href":"https:\/\/www.jumabu.com\/es\/wp-json\/wp\/v2\/pages\/22709\/revisions"}],"wp:featuredmedia":[{"embeddable":true,"href":"https:\/\/www.jumabu.com\/es\/wp-json\/wp\/v2\/media\/22716"}],"wp:attachment":[{"href":"https:\/\/www.jumabu.com\/es\/wp-json\/wp\/v2\/media?parent=22709"}],"curies":[{"name":"wp","href":"https:\/\/api.w.org\/{rel}","templated":true}]}}